{"id":1177,"date":"2020-02-21T17:07:28","date_gmt":"2020-02-21T16:07:28","guid":{"rendered":"https:\/\/residencecasamaya.it\/?page_id=1177"},"modified":"2024-01-17T11:49:40","modified_gmt":"2024-01-17T10:49:40","slug":"informationen-zu-dienstleistungen","status":"publish","type":"page","link":"https:\/\/residencecasamaya.it\/de\/informationen-zu-dienstleistungen\/","title":{"rendered":"Informationen zu Dienstleistungen"},"content":{"rendered":"<section class=\"l-section wpb_row us_custom_777cbdb0 height_auto\"><div class=\"l-section-h i-cf\"><div class=\"g-cols vc_row via_flex valign_top type_default stacking_default\"><div class=\"vc_col-sm-12 wpb_column vc_column_container\"><div class=\"vc_column-inner us_custom_8d45c27c\"><div class=\"wpb_wrapper\"><\/div><\/div><\/div><\/div><\/div><\/section><section class=\"l-section wpb_row height_large\"><div class=\"l-section-h i-cf\"><div class=\"g-cols vc_row via_flex valign_top type_default stacking_default\"><div class=\"vc_col-sm-4 wpb_column vc_column_container\"><div class=\"vc_column-inner us_custom_8d45c27c\"><div class=\"wpb_wrapper\"><div class=\"wpb_text_column\"><div class=\"wpb_wrapper\"><h3>Im Preis inbegriffene Leistungen<\/h3>\n<p>Parkplatz, WLAN-Internet, Gartengrill, Heizung, Klimaanlage, Strom, Wasser, Gas, Endreinigung.<\/p>\n<p><strong>Extras:<\/strong> Kurtaxe (1,50 \u20ac pro Person) und Haustiere (5,00 \u20ac pro Tag)<\/p>\n<\/div><\/div><\/div><\/div><\/div><div class=\"vc_col-sm-8 wpb_column vc_column_container\"><div class=\"vc_column-inner us_custom_36f4d326\"><div class=\"wpb_wrapper\"><div class=\"wpb_text_column\"><div class=\"wpb_wrapper\"><h3>Direktbuchung (-8%)<\/h3>\n<p>Auf unserer Website sind die Preise bereits um 8% niedriger als bei jedem Buchungsportal, auf dem Sie unsere Zimmer finden (Booking.com, Expedia usw.).<\/p>\n<p>In einigen Zeitr\u00e4umen ist es auch m\u00f6glich, Reservierungen mit kostenloser Stornierung nur auf unserer Website vorzunehmen.<\/p>\n<\/div><\/div><\/div><\/div><\/div><\/div><\/div><\/section><section class=\"l-section wpb_row height_medium\"><div class=\"l-section-h i-cf\"><div class=\"g-cols vc_row via_flex valign_top type_default stacking_default\"><div class=\"vc_col-sm-12 wpb_column vc_column_container\"><div class=\"vc_column-inner\"><div class=\"wpb_wrapper\"><div class=\"g-cols wpb_row via_flex valign_middle type_default stacking_default\"><div class=\"vc_col-sm-6 wpb_column vc_column_container has_bg_color\"><div class=\"vc_column-inner us_custom_8886e17d\"><div class=\"wpb_wrapper\"><div class=\"wpb_text_column giustifica\"><div class=\"wpb_wrapper\"><h2>F\u00fcr Ihre Kinder<\/h2>\n<h5>Spielplatz im Garten<\/h5>\n<p>Im Panoramagarten haben wir einen kleinen, einladenden und sicheren Rasenspielplatz mit Rutsche und Schaukeln eingerichtet, damit die kleinen G\u00e4ste sich wohlf\u00fchlen k\u00f6nnen.<\/p>\n<\/div><\/div><\/div><\/div><\/div><div class=\"vc_col-sm-6 wpb_column vc_column_container has_bg_color\"><div class=\"vc_column-inner us_custom_54ad8a59\"><div class=\"wpb_wrapper\"><div class=\"ult-spacer spacer-69f4e307ecd29\" data-id=\"69f4e307ecd29\" data-height=\"500\" data-height-mobile=\"400\" data-height-tab=\"500\" data-height-tab-portrait=\"500\" data-height-mobile-landscape=\"400\" style=\"clear:both;display:block;\"><\/div><\/div><\/div><\/div><\/div><div class=\"g-cols wpb_row us_custom_af6a9b6a via_flex valign_middle type_default reversed stacking_default\"><div class=\"vc_col-sm-6 wpb_column vc_column_container has_bg_color\"><div class=\"vc_column-inner us_custom_dfe35d01\"><div class=\"wpb_wrapper\"><div class=\"ult-spacer spacer-69f4e307ed169\" data-id=\"69f4e307ed169\" data-height=\"500\" data-height-mobile=\"400\" data-height-tab=\"500\" data-height-tab-portrait=\"500\" data-height-mobile-landscape=\"400\" style=\"clear:both;display:block;\"><\/div><\/div><\/div><\/div><div class=\"vc_col-sm-6 wpb_column vc_column_container has_bg_color\"><div class=\"vc_column-inner us_custom_8886e17d\"><div class=\"wpb_wrapper\"><div class=\"wpb_text_column giustifica\"><div class=\"wpb_wrapper\"><h2>Panoramagarten mit neuem Pool<\/h2>\n<h5>Atemberaubende Aussicht von Ihrem Gartenliegestuhl<\/h5>\n<p>Eingebettet in jahrhundertealte Olivenb\u00e4ume k\u00f6nnen Sie sich in schattigen Bereichen, die von der Seebrise gestreichelt werden, ausruhen, oder sich von der Sonne k\u00fcssen lassen. Der Garten ist mit Liegest\u00fchlen, Sonnenschirmen und einem Grillbereich f\u00fcr leckere Sommergrillabende ausgestattet.<\/p>\n<\/div><\/div><\/div><\/div><\/div><\/div><\/div><\/div><\/div><\/div><\/div><\/section><!-- Row Backgrounds --><div class=\"upb_color\" data-bg-override=\"0\" data-bg-color=\"#f2f2f2\" data-fadeout=\"\" data-fadeout-percentage=\"30\" data-parallax-content=\"\" data-parallax-content-sense=\"30\" data-row-effect-mobile-disable=\"true\" data-img-parallax-mobile-disable=\"true\" data-rtl=\"false\"  data-custom-vc-row=\"\"  data-vc=\"8.2\"  data-is_old_vc=\"\"  data-theme-support=\"\"   data-overlay=\"false\" data-overlay-color=\"\" data-overlay-pattern=\"\" data-overlay-pattern-opacity=\"\" data-overlay-pattern-size=\"\"    ><\/div><section class=\"l-section wpb_row height_medium\"><div class=\"l-section-h i-cf\"><div class=\"g-cols vc_row via_flex valign_top type_default stacking_default\"><div class=\"vc_col-sm-12 wpb_column vc_column_container\"><div class=\"vc_column-inner\"><div class=\"wpb_wrapper\"><div class=\"w-image i100 align_center\"><div class=\"w-image-h\"><img decoding=\"async\" width=\"636\" height=\"133\" src=\"https:\/\/residencecasamaya.it\/wp-content\/uploads\/2020\/01\/divisore-sole.svg\" class=\"attachment-large size-large\" alt=\"\" loading=\"lazy\" \/><\/div><\/div><div class=\"wpb_text_column testo120\"><div class=\"wpb_wrapper\"><h2 style=\"text-align: center;\">Alles was Sie wissen m\u00fcssen<\/h2>\n<h5 style=\"text-align: center;\">vor der Buchung<\/h5>\n<\/div><\/div><\/div><\/div><\/div><\/div><\/div><\/section><section class=\"l-section wpb_row us_custom_b456aa4d domande-info height_small\"><div class=\"l-section-h i-cf\"><div class=\"g-cols vc_row via_flex valign_top type_default stacking_default\"><div class=\"vc_col-sm-12 wpb_column vc_column_container\"><div class=\"vc_column-inner\"><div class=\"wpb_wrapper\"><div class=\"g-cols wpb_row via_flex valign_middle type_default stacking_default\"><div class=\"vc_col-sm-3 wpb_column vc_column_container\"><div class=\"vc_column-inner us_custom_bc1da336\"><div class=\"wpb_wrapper\"><div class=\"wpb_text_column\"><div class=\"wpb_wrapper\"><h3 style=\"text-align: right;\">Wann bezahle ich?<\/h3>\n<\/div><\/div><\/div><\/div><\/div><div class=\"vc_col-sm-9 wpb_column vc_column_container\"><div class=\"vc_column-inner us_custom_7323ea90\"><div class=\"wpb_wrapper\"><div class=\"wpb_text_column giustifica\"><div class=\"wpb_wrapper\"><p>In unserem Buchungssystem k\u00f6nnen Sie zwischen dem erstattbaren Preis mit Zahlung beim Check-in und kostenloser Stornierung, oder aber den g\u00fcnstigsten (nicht erstattbaren) Preis mit Zahlung bei Buchung w\u00e4hlen.<\/p>\n<\/div><\/div><\/div><\/div><\/div><\/div><div class=\"g-cols wpb_row us_custom_af6a9b6a via_flex valign_middle type_default stacking_default\"><div class=\"vc_col-sm-3 wpb_column vc_column_container\"><div class=\"vc_column-inner us_custom_bc1da336\"><div class=\"wpb_wrapper\"><div class=\"wpb_text_column\"><div class=\"wpb_wrapper\"><h3 style=\"text-align: right;\">An- und Abreise<\/h3>\n<\/div><\/div><\/div><\/div><\/div><div class=\"vc_col-sm-9 wpb_column vc_column_container\"><div class=\"vc_column-inner us_custom_7323ea90\"><div class=\"wpb_wrapper\"><div class=\"wpb_text_column giustifica\"><div class=\"wpb_wrapper\"><p>Der Check-in von 12 bis 15 Uhr und der Check-out von 7 bis 9:30 Uhr. Die Schl\u00fcssel f\u00fcr die Wohnung erhalten Sie vor Ort.<\/p>\n<\/div><\/div><\/div><\/div><\/div><\/div><div class=\"g-cols wpb_row us_custom_af6a9b6a via_flex valign_middle type_default stacking_default\"><div class=\"vc_col-sm-3 wpb_column vc_column_container\"><div class=\"vc_column-inner us_custom_bc1da336\"><div class=\"wpb_wrapper\"><div class=\"wpb_text_column\"><div class=\"wpb_wrapper\"><h3 style=\"text-align: right;\">Kurtaxe<\/h3>\n<\/div><\/div><\/div><\/div><\/div><div class=\"vc_col-sm-9 wpb_column vc_column_container\"><div class=\"vc_column-inner us_custom_7323ea90\"><div class=\"wpb_wrapper\"><div class=\"wpb_text_column giustifica\"><div class=\"wpb_wrapper\"><p>\u20ac 1,00 pro Tag und Person, wobei Kinder bis 11 Jahre, Behinderte, Betreuer, Busfahrer und Reiseleiter davon ausgenommen sind.<\/p>\n<\/div><\/div><\/div><\/div><\/div><\/div><div class=\"g-cols wpb_row us_custom_af6a9b6a via_flex valign_middle type_default stacking_default\"><div class=\"vc_col-sm-3 wpb_column vc_column_container\"><div class=\"vc_column-inner us_custom_bc1da336\"><div class=\"wpb_wrapper\"><div class=\"wpb_text_column\"><div class=\"wpb_wrapper\"><h3 style=\"text-align: right;\">Entfernungen<\/h3>\n<\/div><\/div><\/div><\/div><\/div><div class=\"vc_col-sm-9 wpb_column vc_column_container\"><div class=\"vc_column-inner us_custom_7323ea90\"><div class=\"wpb_wrapper\"><div class=\"wpb_text_column giustifica\"><div class=\"wpb_wrapper\"><p>Die Residenz Casa Maya liegt etwa 800 m vom See, dem Strand und dem Zentrum von Brenzone entfernt. Malcesine liegt etwa 8 km entfernt.<\/p>\n<\/div><\/div><\/div><\/div><\/div><\/div><div class=\"g-cols wpb_row us_custom_af6a9b6a via_flex valign_middle type_default stacking_default\"><div class=\"vc_col-sm-3 wpb_column vc_column_container\"><div class=\"vc_column-inner us_custom_bc1da336\"><div class=\"wpb_wrapper\"><div class=\"wpb_text_column\"><div class=\"wpb_wrapper\"><h3 style=\"text-align: right;\">Die Apartments<\/h3>\n<\/div><\/div><\/div><\/div><\/div><div class=\"vc_col-sm-9 wpb_column vc_column_container\"><div class=\"vc_column-inner us_custom_7323ea90\"><div class=\"wpb_wrapper\"><div class=\"wpb_text_column giustifica\"><div class=\"wpb_wrapper\"><p>Die Residenz verf\u00fcgt \u00fcber 7 Einheiten. 3 Zwei- und 4 Dreizimmer-Apartments Sowohl die Zwei- als auch die Dreizimmer-Apartments bieten Platz f\u00fcr bis zu 4 Erwachsene + 1 Kleinkind in einem Kinderbett, mit Ausnahme eines Dreizimmer-Apartments, das bis zu 7 Erwachsene beherbergen kann.<\/p>\n<\/div><\/div><\/div><\/div><\/div><\/div><div class=\"g-cols wpb_row us_custom_af6a9b6a via_flex valign_middle type_default stacking_default\"><div class=\"vc_col-sm-12 wpb_column vc_column_container\"><div class=\"vc_column-inner\"><div class=\"wpb_wrapper\"><\/div><\/div><\/div><\/div><\/div><\/div><\/div><\/div><\/div><\/section><section class=\"l-section wpb_row us_custom_777cbdb0 height_auto\"><div class=\"l-section-h i-cf\"><div class=\"g-cols vc_row via_flex valign_top type_default stacking_default\"><div class=\"vc_col-sm-12 wpb_column vc_column_container\"><div class=\"vc_column-inner us_custom_8d45c27c\"><div class=\"wpb_wrapper\"><div class=\"w-btn-wrapper align_center\"><a class=\"w-btn us-btn-style_4 icon_atleft\" target=\" _blank\" rel=\"nofollow\" href=\"https:\/\/booking.bedzzle.com\/desktop\/?test-mode=1&amp;apikey=e6c0922357c418a34c8615bfac89c33b&amp;lang=de\"><i class=\"fas fa-concierge-bell\"><\/i><span class=\"w-btn-label\">SIE K\u00d6NNEN JETZT BUCHEN<\/span><\/a><\/div><\/div><\/div><\/div><\/div><\/div><\/section>\n","protected":false},"excerpt":{"rendered":"Im Preis inbegriffene Leistungen Parkplatz, WLAN-Internet, Gartengrill, Heizung, Klimaanlage, Strom, Wasser, Gas, Endreinigung. Extras: Kurtaxe (1,50 \u20ac pro Person) und Haustiere (5,00 \u20ac pro Tag) Direktbuchung (-8%) Auf unserer Website sind die Preise bereits um 8% niedriger als bei jedem Buchungsportal, auf dem Sie unsere Zimmer finden (Booking.com, Expedia usw.). In einigen Zeitr\u00e4umen ist es...","protected":false},"author":1,"featured_media":0,"parent":0,"menu_order":0,"comment_status":"closed","ping_status":"closed","template":"","meta":{"inline_featured_image":false,"footnotes":""},"class_list":["post-1177","page","type-page","status-publish","hentry"],"yoast_head":"<!-- This site is optimized with the Yoast SEO plugin v26.8 - https:\/\/yoast.com\/product\/yoast-seo-wordpress\/ -->\n<title>Informationen zu Dienstleistungen - Residence Casa Maya<\/title>\n<meta name=\"robots\" content=\"index, follow, max-snippet:-1, max-image-preview:large, max-video-preview:-1\" \/>\n<link rel=\"canonical\" href=\"https:\/\/residencecasamaya.it\/de\/informationen-zu-dienstleistungen\/\" \/>\n<meta property=\"og:locale\" content=\"de_DE\" \/>\n<meta property=\"og:type\" content=\"article\" \/>\n<meta property=\"og:title\" content=\"Informationen zu Dienstleistungen - Residence Casa Maya\" \/>\n<meta property=\"og:url\" content=\"https:\/\/residencecasamaya.it\/de\/informationen-zu-dienstleistungen\/\" \/>\n<meta property=\"og:site_name\" content=\"Residence Casa Maya\" \/>\n<meta property=\"article:modified_time\" content=\"2024-01-17T10:49:40+00:00\" \/>\n<meta name=\"twitter:card\" content=\"summary_large_image\" \/>\n<meta name=\"twitter:label1\" content=\"Gesch\u00e4tzte Lesezeit\" \/>\n\t<meta name=\"twitter:data1\" content=\"3\u00a0Minuten\" \/>\n<script type=\"application\/ld+json\" class=\"yoast-schema-graph\">{\"@context\":\"https:\/\/schema.org\",\"@graph\":[{\"@type\":\"WebPage\",\"@id\":\"https:\/\/residencecasamaya.it\/de\/informationen-zu-dienstleistungen\/\",\"url\":\"https:\/\/residencecasamaya.it\/de\/informationen-zu-dienstleistungen\/\",\"name\":\"Informationen zu Dienstleistungen - Residence Casa Maya\",\"isPartOf\":{\"@id\":\"https:\/\/residencecasamaya.it\/#website\"},\"datePublished\":\"2020-02-21T16:07:28+00:00\",\"dateModified\":\"2024-01-17T10:49:40+00:00\",\"breadcrumb\":{\"@id\":\"https:\/\/residencecasamaya.it\/de\/informationen-zu-dienstleistungen\/#breadcrumb\"},\"inLanguage\":\"de\",\"potentialAction\":[{\"@type\":\"ReadAction\",\"target\":[\"https:\/\/residencecasamaya.it\/de\/informationen-zu-dienstleistungen\/\"]}]},{\"@type\":\"BreadcrumbList\",\"@id\":\"https:\/\/residencecasamaya.it\/de\/informationen-zu-dienstleistungen\/#breadcrumb\",\"itemListElement\":[{\"@type\":\"ListItem\",\"position\":1,\"name\":\"Home\",\"item\":\"https:\/\/residencecasamaya.it\/de\/\"},{\"@type\":\"ListItem\",\"position\":2,\"name\":\"Informationen zu Dienstleistungen\"}]},{\"@type\":\"WebSite\",\"@id\":\"https:\/\/residencecasamaya.it\/#website\",\"url\":\"https:\/\/residencecasamaya.it\/\",\"name\":\"Residence Casa Maya\",\"description\":\"Residence Casa MaYa\",\"potentialAction\":[{\"@type\":\"SearchAction\",\"target\":{\"@type\":\"EntryPoint\",\"urlTemplate\":\"https:\/\/residencecasamaya.it\/?s={search_term_string}\"},\"query-input\":{\"@type\":\"PropertyValueSpecification\",\"valueRequired\":true,\"valueName\":\"search_term_string\"}}],\"inLanguage\":\"de\"}]}<\/script>\n<!-- \/ Yoast SEO plugin. -->","yoast_head_json":{"title":"Informationen zu Dienstleistungen - Residence Casa Maya","robots":{"index":"index","follow":"follow","max-snippet":"max-snippet:-1","max-image-preview":"max-image-preview:large","max-video-preview":"max-video-preview:-1"},"canonical":"https:\/\/residencecasamaya.it\/de\/informationen-zu-dienstleistungen\/","og_locale":"de_DE","og_type":"article","og_title":"Informationen zu Dienstleistungen - Residence Casa Maya","og_url":"https:\/\/residencecasamaya.it\/de\/informationen-zu-dienstleistungen\/","og_site_name":"Residence Casa Maya","article_modified_time":"2024-01-17T10:49:40+00:00","twitter_card":"summary_large_image","twitter_misc":{"Gesch\u00e4tzte Lesezeit":"3\u00a0Minuten"},"schema":{"@context":"https:\/\/schema.org","@graph":[{"@type":"WebPage","@id":"https:\/\/residencecasamaya.it\/de\/informationen-zu-dienstleistungen\/","url":"https:\/\/residencecasamaya.it\/de\/informationen-zu-dienstleistungen\/","name":"Informationen zu Dienstleistungen - Residence Casa Maya","isPartOf":{"@id":"https:\/\/residencecasamaya.it\/#website"},"datePublished":"2020-02-21T16:07:28+00:00","dateModified":"2024-01-17T10:49:40+00:00","breadcrumb":{"@id":"https:\/\/residencecasamaya.it\/de\/informationen-zu-dienstleistungen\/#breadcrumb"},"inLanguage":"de","potentialAction":[{"@type":"ReadAction","target":["https:\/\/residencecasamaya.it\/de\/informationen-zu-dienstleistungen\/"]}]},{"@type":"BreadcrumbList","@id":"https:\/\/residencecasamaya.it\/de\/informationen-zu-dienstleistungen\/#breadcrumb","itemListElement":[{"@type":"ListItem","position":1,"name":"Home","item":"https:\/\/residencecasamaya.it\/de\/"},{"@type":"ListItem","position":2,"name":"Informationen zu Dienstleistungen"}]},{"@type":"WebSite","@id":"https:\/\/residencecasamaya.it\/#website","url":"https:\/\/residencecasamaya.it\/","name":"Residence Casa Maya","description":"Residence Casa MaYa","potentialAction":[{"@type":"SearchAction","target":{"@type":"EntryPoint","urlTemplate":"https:\/\/residencecasamaya.it\/?s={search_term_string}"},"query-input":{"@type":"PropertyValueSpecification","valueRequired":true,"valueName":"search_term_string"}}],"inLanguage":"de"}]}},"_links":{"self":[{"href":"https:\/\/residencecasamaya.it\/de\/wp-json\/wp\/v2\/pages\/1177","targetHints":{"allow":["GET"]}}],"collection":[{"href":"https:\/\/residencecasamaya.it\/de\/wp-json\/wp\/v2\/pages"}],"about":[{"href":"https:\/\/residencecasamaya.it\/de\/wp-json\/wp\/v2\/types\/page"}],"author":[{"embeddable":true,"href":"https:\/\/residencecasamaya.it\/de\/wp-json\/wp\/v2\/users\/1"}],"replies":[{"embeddable":true,"href":"https:\/\/residencecasamaya.it\/de\/wp-json\/wp\/v2\/comments?post=1177"}],"version-history":[{"count":7,"href":"https:\/\/residencecasamaya.it\/de\/wp-json\/wp\/v2\/pages\/1177\/revisions"}],"predecessor-version":[{"id":1543,"href":"https:\/\/residencecasamaya.it\/de\/wp-json\/wp\/v2\/pages\/1177\/revisions\/1543"}],"wp:attachment":[{"href":"https:\/\/residencecasamaya.it\/de\/wp-json\/wp\/v2\/media?parent=1177"}],"curies":[{"name":"wp","href":"https:\/\/api.w.org\/{rel}","templated":true}]}}