{"id":1187,"date":"2020-02-21T17:18:05","date_gmt":"2020-02-21T16:18:05","guid":{"rendered":"https:\/\/residencecasamaya.it\/?page_id=1187"},"modified":"2020-02-21T17:20:54","modified_gmt":"2020-02-21T16:20:54","slug":"wo-wir-sind","status":"publish","type":"page","link":"https:\/\/residencecasamaya.it\/de\/wo-wir-sind\/","title":{"rendered":"Wo wir sind"},"content":{"rendered":"<section class=\"l-section wpb_row height_huge with_img\"><div class=\"l-section-img\" role=\"img\" data-img-width=\"1920\" data-img-height=\"1279\" style=\"background-image: url(https:\/\/residencecasamaya.it\/wp-content\/uploads\/2020\/01\/DJI_0645.jpg);background-repeat: no-repeat;\"><\/div><div class=\"l-section-h i-cf\"><div class=\"g-cols vc_row via_flex valign_top type_default stacking_default\"><div class=\"vc_col-sm-12 wpb_column vc_column_container\"><div class=\"vc_column-inner\"><div class=\"wpb_wrapper\"><div class=\"w-image us_custom_f029a2ba i500 align_center us_animate_afc\" style=\"animation-delay:1s\"><a title=\"Benvenuti\" href=\"http:\/\/residencecasamaya.it\/\" aria-label=\"Residence Casa Maya - Brenzone Lago di Garda\" class=\"w-image-h\"><img decoding=\"async\" width=\"800\" height=\"227\" src=\"https:\/\/residencecasamaya.it\/wp-content\/uploads\/2020\/01\/logo-casamaya-bianco.svg\" class=\"attachment-full size-full\" alt=\"\" loading=\"lazy\" \/><\/a><\/div><div class=\"wpb_text_column testo120\"><div class=\"wpb_wrapper\"><h2 style=\"text-align: center;\"><span class=\"bianco\">Wo wir sind<\/span><\/h2>\n<p style=\"text-align: center;\"><span class=\"bianco\"> Hier warten wir auf Sie <\/span><\/p>\n<\/div><\/div><\/div><\/div><\/div><\/div><\/div><\/section><section class=\"l-section wpb_row height_medium\"><div class=\"l-section-h i-cf\"><div class=\"g-cols vc_row via_flex valign_top type_default stacking_default\"><div class=\"vc_col-sm-4 wpb_column vc_column_container\"><div class=\"vc_column-inner us_custom_79ba3684\"><div class=\"wpb_wrapper\"><div class=\"wpb_text_column\"><div class=\"wpb_wrapper\"><h3>ENTFERNUNGEN<\/h3>\n<ul>\n<li><strong>Bardolino:<\/strong>\u00a024 Kilometer<\/li>\n<li><strong>Malcesine:\u00a0<\/strong>8 Kilometer<\/li>\n<li><strong>Autobahn\u00a0(Peschiera):<\/strong> 54 Kilometer<\/li>\n<\/ul>\n<\/div><\/div><\/div><\/div><\/div><div class=\"vc_col-sm-4 wpb_column vc_column_container\"><div class=\"vc_column-inner us_custom_fa692b53\"><div class=\"wpb_wrapper\"><div class=\"wpb_text_column\"><div class=\"wpb_wrapper\"><h3>ENTFERNUNGEN<\/h3>\n<ul>\n<li><strong>Gesch\u00e4fte<\/strong>\u00a0und L\u00e4den in 800 Metern<\/li>\n<li><strong>Apotheke:\u00a0<\/strong>800 Meter<\/li>\n<li><strong>Touristischer Arzt:\u00a0<\/strong>1500 Meter<\/li>\n<\/ul>\n<\/div><\/div><\/div><\/div><\/div><div class=\"vc_col-sm-4 wpb_column vc_column_container\"><div class=\"vc_column-inner us_custom_ed1dab35\"><div class=\"wpb_wrapper\"><div class=\"wpb_text_column\"><div class=\"wpb_wrapper\"><h3>ENTFERNUNGEN<\/h3>\n<ul>\n<li>Bootshaltestelle (Hafen von Brenzone): 1500 Meter<\/li>\n<li>Strand von Brenzone 800 Meter<\/li>\n<\/ul>\n<\/div><\/div><\/div><\/div><\/div><\/div><\/div><\/section><section class=\"l-section wpb_row us_custom_6d6774d5 mezza-sx height_auto\"><div class=\"l-section-h i-cf\"><div class=\"g-cols vc_row via_flex valign_top type_default stacking_default\"><div class=\"vc_col-sm-12 wpb_column vc_column_container\"><div class=\"vc_column-inner\"><div class=\"wpb_wrapper\"><div class=\"g-cols wpb_row via_flex valign_middle type_default stacking_default\"><div class=\"vc_col-sm-7 wpb_column vc_column_container has_bg_color\"><div class=\"vc_column-inner us_custom_219df1f4\"><div class=\"wpb_wrapper\"><div class=\"wpb_text_column us_custom_d2199d32 giusifica\"><div class=\"wpb_wrapper\"><h1>Residenz Casa Maya<\/h1>\n<h4>Via San Benedetto 2, 37010 Brenzone sul Garda (VR)<\/h4>\n<\/div><\/div><div class=\"wpb_text_column giustifica\"><div class=\"wpb_wrapper\"><p>Wir erinnern Sie daran, dass der Check-in um 19:00 Uhr schlie\u00dft. Falls Sie nicht rechtzeitig anreisen k\u00f6nnen, k\u00f6nnen Sie uns telefonisch unter 339.2052780 oder per E-Mail unter book@residencecasamaya.it informieren<\/p>\n<\/div><\/div><\/div><\/div><\/div><div class=\"vc_col-sm-5 wpb_column vc_column_container has_bg_color\"><div class=\"vc_column-inner us_custom_2bf18358\"><div class=\"wpb_wrapper\"><div class=\"wpb_text_column\"><div class=\"wpb_wrapper\"><h3 style=\"text-align: center;\"><span class=\"bianco\">GPS<br \/>\n45.714224<br \/>\n10.773483<\/span><\/h3>\n<\/div><\/div><div class=\"w-popup w-btn-wrapper align_center\"><button aria-label=\"Auf der Karte ansehen\" class=\"w-popup-trigger type_btn w-btn us-btn-style_1\"><span class=\"w-btn-label\">Auf der Karte ansehen<\/span><\/button><div class=\"w-popup-overlay\" style=\"background:rgba(0,0,0,0.85);\"><\/div><div class=\"w-popup-wrap layout_default\" style=\"--title-color:var(--color-content-heading);--title-bg-color:#ffffff;--content-color:var(--color-content-text);--content-bg-color:#ffffff;--popup-width:900px;--popup-padding:2%;\"><div class=\"w-popup-box animation_fadeIn closerpos_outside with_title\"><div class=\"w-popup-box-h\"><div class=\"w-popup-box-title\">Auf der Karte ansehen<\/div><div class=\"w-popup-box-content\"><p><iframe loading=\"lazy\" style=\"border: 0;\" src=\"https:\/\/www.google.com\/maps\/embed?pb=!1m18!1m12!1m3!1d2785.84783099588!2d10.771256451741126!3d45.7140894790021!2m3!1f0!2f0!3f0!3m2!1i1024!2i768!4f13.1!3m3!1m2!1s0x47821e16ab5b380d%3A0xb0884c68a8db856e!2sVia%20S.%20Benedetto%2C%202%2C%2037010%20Brenzone%20sul%20Garda%20VR!5e0!3m2!1sit!2sit!4v1580477442895!5m2!1sit!2sit\" width=\"600\" height=\"450\" frameborder=\"0\" allowfullscreen=\"allowfullscreen\" data-mce-fragment=\"1\"><\/iframe><\/p>\n<\/div><\/div><\/div><div class=\"w-popup-closer\"><\/div><\/div><\/div><\/div><\/div><\/div><\/div><\/div><\/div><\/div><\/div><\/div><\/section><section class=\"l-section wpb_row us_custom_72fc42ef height_medium\"><div class=\"l-section-h i-cf\"><div class=\"g-cols vc_row via_flex valign_top type_default stacking_default\"><div class=\"vc_col-sm-12 wpb_column vc_column_container\"><div class=\"vc_column-inner\"><div class=\"wpb_wrapper\"><div class=\"w-image i100 align_center\"><div class=\"w-image-h\"><img decoding=\"async\" width=\"636\" height=\"133\" src=\"https:\/\/residencecasamaya.it\/wp-content\/uploads\/2020\/01\/divisore-sole.svg\" class=\"attachment-full size-full\" alt=\"\" loading=\"lazy\" \/><\/div><\/div><div class=\"wpb_text_column us_custom_2dbf7b3f testo120\"><div class=\"wpb_wrapper\"><h2 style=\"text-align: center;\">Ein Blick auf Brenzone<\/h2>\n<h5 style=\"text-align: center;\">kleine D\u00f6rfer und suggestive Orte zu besuchen<\/h5>\n<\/div><\/div><div class=\"w-slider style_none fit_cover nav_none count_30\"><div class=\"w-slider-h\"><div class=\"royalSlider\"><div class=\"rsContent\"><a class=\"rsImg\" data-rsw=\"1024\" data-rsh=\"683\" href=\"https:\/\/residencecasamaya.it\/wp-content\/uploads\/2020\/02\/daBoogie.de_IMG_8360-1024x683.jpg\"><span data-alt=\"\"><\/span><\/a><\/div><div class=\"rsContent\"><a class=\"rsImg\" data-rsw=\"1024\" data-rsh=\"683\" href=\"https:\/\/residencecasamaya.it\/wp-content\/uploads\/2020\/02\/daBoogie.de_IMG_8368-1024x683.jpg\"><span data-alt=\"\"><\/span><\/a><\/div><div class=\"rsContent\"><a class=\"rsImg\" data-rsw=\"1024\" data-rsh=\"683\" href=\"https:\/\/residencecasamaya.it\/wp-content\/uploads\/2020\/02\/daBoogie.de_IMG_7304-1024x683.jpg\"><span data-alt=\"\"><\/span><\/a><\/div><div class=\"rsContent\"><a class=\"rsImg\" data-rsw=\"1024\" data-rsh=\"683\" href=\"https:\/\/residencecasamaya.it\/wp-content\/uploads\/2020\/02\/daBoogie.de_IMG_7311-1024x683.jpg\"><span data-alt=\"\"><\/span><\/a><\/div><div class=\"rsContent\"><a class=\"rsImg\" data-rsw=\"1024\" data-rsh=\"683\" href=\"https:\/\/residencecasamaya.it\/wp-content\/uploads\/2020\/02\/daBoogie.de_IMG_7320-1024x683.jpg\"><span data-alt=\"\"><\/span><\/a><\/div><div class=\"rsContent\"><a class=\"rsImg\" data-rsw=\"1024\" data-rsh=\"540\" href=\"https:\/\/residencecasamaya.it\/wp-content\/uploads\/2020\/02\/daBoogie.de_GP0461_101-1024x540.jpg\"><span data-alt=\"\"><\/span><\/a><\/div><div class=\"rsContent\"><a class=\"rsImg\" data-rsw=\"1024\" data-rsh=\"683\" href=\"https:\/\/residencecasamaya.it\/wp-content\/uploads\/2020\/02\/daBoogie.de_IMG_8112-1024x683.jpg\"><span data-alt=\"\"><\/span><\/a><\/div><div class=\"rsContent\"><a class=\"rsImg\" data-rsw=\"1024\" data-rsh=\"683\" href=\"https:\/\/residencecasamaya.it\/wp-content\/uploads\/2020\/02\/daBoogie.de_IMG_8400-1024x683.jpg\"><span data-alt=\"\"><\/span><\/a><\/div><div class=\"rsContent\"><a class=\"rsImg\" data-rsw=\"1024\" data-rsh=\"683\" href=\"https:\/\/residencecasamaya.it\/wp-content\/uploads\/2020\/02\/daBoogie.de_IMG_8402-1024x683.jpg\"><span data-alt=\"\"><\/span><\/a><\/div><div class=\"rsContent\"><a class=\"rsImg\" data-rsw=\"1024\" data-rsh=\"683\" href=\"https:\/\/residencecasamaya.it\/wp-content\/uploads\/2020\/02\/daBoogie.de_IMG_8411-1024x683.jpg\"><span data-alt=\"\"><\/span><\/a><\/div><div class=\"rsContent\"><a class=\"rsImg\" data-rsw=\"1024\" data-rsh=\"768\" href=\"https:\/\/residencecasamaya.it\/wp-content\/uploads\/2020\/02\/5254017corr-1024x768.jpg\"><span data-alt=\"\"><\/span><\/a><\/div><div class=\"rsContent\"><a class=\"rsImg\" data-rsw=\"1024\" data-rsh=\"768\" href=\"https:\/\/residencecasamaya.it\/wp-content\/uploads\/2020\/02\/5254019corr-1024x768.jpg\"><span data-alt=\"\"><\/span><\/a><\/div><div class=\"rsContent\"><a class=\"rsImg\" data-rsw=\"1024\" data-rsh=\"768\" href=\"https:\/\/residencecasamaya.it\/wp-content\/uploads\/2020\/02\/5254022-1024x768.jpg\"><span data-alt=\"\"><\/span><\/a><\/div><div class=\"rsContent\"><a class=\"rsImg\" data-rsw=\"1024\" data-rsh=\"768\" href=\"https:\/\/residencecasamaya.it\/wp-content\/uploads\/2020\/02\/5254023-1024x768.jpg\"><span data-alt=\"\"><\/span><\/a><\/div><div class=\"rsContent\"><a class=\"rsImg\" data-rsw=\"1024\" data-rsh=\"768\" href=\"https:\/\/residencecasamaya.it\/wp-content\/uploads\/2020\/02\/5254028-1024x768.jpg\"><span data-alt=\"\"><\/span><\/a><\/div><div class=\"rsContent\"><a class=\"rsImg\" data-rsw=\"1024\" data-rsh=\"768\" href=\"https:\/\/residencecasamaya.it\/wp-content\/uploads\/2020\/02\/5254029-1024x768.jpg\"><span data-alt=\"\"><\/span><\/a><\/div><div class=\"rsContent\"><a class=\"rsImg\" data-rsw=\"1024\" data-rsh=\"768\" href=\"https:\/\/residencecasamaya.it\/wp-content\/uploads\/2020\/02\/5254040-1024x768.jpg\"><span data-alt=\"\"><\/span><\/a><\/div><div class=\"rsContent\"><a class=\"rsImg\" data-rsw=\"1024\" data-rsh=\"768\" href=\"https:\/\/residencecasamaya.it\/wp-content\/uploads\/2020\/02\/5254041-1024x768.jpg\"><span data-alt=\"\"><\/span><\/a><\/div><div class=\"rsContent\"><a class=\"rsImg\" data-rsw=\"1024\" data-rsh=\"768\" href=\"https:\/\/residencecasamaya.it\/wp-content\/uploads\/2020\/02\/5254139corr-1024x768.jpg\"><span data-alt=\"\"><\/span><\/a><\/div><div class=\"rsContent\"><a class=\"rsImg\" data-rsw=\"1024\" data-rsh=\"768\" href=\"https:\/\/residencecasamaya.it\/wp-content\/uploads\/2020\/02\/5254153-1024x768.jpg\"><span data-alt=\"\"><\/span><\/a><\/div><div class=\"rsContent\"><a class=\"rsImg\" data-rsw=\"1024\" data-rsh=\"768\" href=\"https:\/\/residencecasamaya.it\/wp-content\/uploads\/2020\/02\/5254165corr-1024x768.jpg\"><span data-alt=\"\"><\/span><\/a><\/div><div class=\"rsContent\"><a class=\"rsImg\" data-rsw=\"1024\" data-rsh=\"768\" href=\"https:\/\/residencecasamaya.it\/wp-content\/uploads\/2020\/02\/5254166-1024x768.jpg\"><span data-alt=\"\"><\/span><\/a><\/div><div class=\"rsContent\"><a class=\"rsImg\" data-rsw=\"1024\" data-rsh=\"768\" href=\"https:\/\/residencecasamaya.it\/wp-content\/uploads\/2020\/02\/5274302corr-1024x768.jpg\"><span data-alt=\"\"><\/span><\/a><\/div><div class=\"rsContent\"><a class=\"rsImg\" data-rsw=\"1024\" data-rsh=\"768\" href=\"https:\/\/residencecasamaya.it\/wp-content\/uploads\/2020\/02\/5274329-1024x768.jpg\"><span data-alt=\"\"><\/span><\/a><\/div><div class=\"rsContent\"><a class=\"rsImg\" data-rsw=\"1024\" data-rsh=\"768\" href=\"https:\/\/residencecasamaya.it\/wp-content\/uploads\/2020\/02\/5274370corr-1024x768.jpg\"><span data-alt=\"\"><\/span><\/a><\/div><div class=\"rsContent\"><a class=\"rsImg\" data-rsw=\"1024\" data-rsh=\"768\" href=\"https:\/\/residencecasamaya.it\/wp-content\/uploads\/2020\/02\/IMG_4189corr-1024x768.jpg\"><span data-alt=\"\"><\/span><\/a><\/div><div class=\"rsContent\"><a class=\"rsImg\" data-rsw=\"1024\" data-rsh=\"768\" href=\"https:\/\/residencecasamaya.it\/wp-content\/uploads\/2020\/02\/IMG_4251corr-1024x768.jpg\"><span data-alt=\"\"><\/span><\/a><\/div><div class=\"rsContent\"><a class=\"rsImg\" data-rsw=\"1024\" data-rsh=\"540\" href=\"https:\/\/residencecasamaya.it\/wp-content\/uploads\/2020\/02\/daBoogie.de_GP420Prada-1024x540.jpg\"><span data-alt=\"\"><\/span><\/a><\/div><div class=\"rsContent\"><a class=\"rsImg\" data-rsw=\"1024\" data-rsh=\"683\" href=\"https:\/\/residencecasamaya.it\/wp-content\/uploads\/2020\/02\/daBoogie.de_IMG_7345-1024x683.jpg\"><span data-alt=\"\"><\/span><\/a><\/div><div class=\"rsContent\"><a class=\"rsImg\" data-rsw=\"1024\" data-rsh=\"683\" href=\"https:\/\/residencecasamaya.it\/wp-content\/uploads\/2020\/02\/daBoogie.de_IMG_7350-1024x683.jpg\"><span data-alt=\"\"><\/span><\/a><\/div><\/div><img decoding=\"async\" src=\"https:\/\/residencecasamaya.it\/wp-content\/uploads\/2020\/02\/daBoogie.de_IMG_8360-1024x683.jpg\" width=\"1024\" height=\"683\" alt loading=\"lazy\"><\/div><div class=\"w-slider-json\" onclick='return {&quot;autoScaleSlider&quot;:true,&quot;addActiveClass&quot;:true,&quot;loop&quot;:true,&quot;fadeInLoadedSlide&quot;:false,&quot;slidesSpacing&quot;:0,&quot;imageScalePadding&quot;:0,&quot;numImagesToPreload&quot;:2,&quot;arrowsNav&quot;:true,&quot;arrowsNavAutoHide&quot;:false,&quot;transitionType&quot;:&quot;move&quot;,&quot;transitionSpeed&quot;:250,&quot;block&quot;:{&quot;moveEffect&quot;:&quot;none&quot;,&quot;speed&quot;:300},&quot;thumbs&quot;:{&quot;fitInViewport&quot;:false,&quot;firstMargin&quot;:false,&quot;spacing&quot;:4},&quot;controlNavigation&quot;:&quot;none&quot;,&quot;autoScaleSliderWidth&quot;:1024,&quot;autoScaleSliderHeight&quot;:683}'><\/div><\/div><\/div><\/div><\/div><\/div><\/div><\/section>\n","protected":false},"excerpt":{"rendered":"Wo wir sind Hier warten wir auf Sie ENTFERNUNGEN Bardolino:\u00a024 Kilometer Malcesine:\u00a08 Kilometer Autobahn\u00a0(Peschiera): 54 Kilometer ENTFERNUNGEN Gesch\u00e4fte\u00a0und L\u00e4den in 800 Metern Apotheke:\u00a0800 Meter Touristischer Arzt:\u00a01500 Meter ENTFERNUNGEN Bootshaltestelle (Hafen von Brenzone): 1500 Meter Strand von Brenzone 800 Meter Residenz Casa Maya Via San Benedetto 2, 37010 Brenzone sul Garda (VR) Wir erinnern Sie daran,...","protected":false},"author":1,"featured_media":0,"parent":0,"menu_order":0,"comment_status":"closed","ping_status":"closed","template":"","meta":{"inline_featured_image":false,"footnotes":""},"class_list":["post-1187","page","type-page","status-publish","hentry"],"yoast_head":"<!-- This site is optimized with the Yoast SEO plugin v26.8 - https:\/\/yoast.com\/product\/yoast-seo-wordpress\/ -->\n<title>Wo wir sind - Residence Casa Maya<\/title>\n<meta name=\"robots\" content=\"index, follow, max-snippet:-1, max-image-preview:large, max-video-preview:-1\" \/>\n<link rel=\"canonical\" href=\"https:\/\/residencecasamaya.it\/de\/wo-wir-sind\/\" \/>\n<meta property=\"og:locale\" content=\"de_DE\" \/>\n<meta property=\"og:type\" content=\"article\" \/>\n<meta property=\"og:title\" content=\"Wo wir sind - Residence Casa Maya\" \/>\n<meta property=\"og:url\" content=\"https:\/\/residencecasamaya.it\/de\/wo-wir-sind\/\" \/>\n<meta property=\"og:site_name\" content=\"Residence Casa Maya\" \/>\n<meta property=\"article:modified_time\" content=\"2020-02-21T16:20:54+00:00\" \/>\n<meta name=\"twitter:card\" content=\"summary_large_image\" \/>\n<meta name=\"twitter:label1\" content=\"Gesch\u00e4tzte Lesezeit\" \/>\n\t<meta name=\"twitter:data1\" content=\"3\u00a0Minuten\" \/>\n<script type=\"application\/ld+json\" class=\"yoast-schema-graph\">{\"@context\":\"https:\/\/schema.org\",\"@graph\":[{\"@type\":\"WebPage\",\"@id\":\"https:\/\/residencecasamaya.it\/de\/wo-wir-sind\/\",\"url\":\"https:\/\/residencecasamaya.it\/de\/wo-wir-sind\/\",\"name\":\"Wo wir sind - Residence Casa Maya\",\"isPartOf\":{\"@id\":\"https:\/\/residencecasamaya.it\/#website\"},\"datePublished\":\"2020-02-21T16:18:05+00:00\",\"dateModified\":\"2020-02-21T16:20:54+00:00\",\"breadcrumb\":{\"@id\":\"https:\/\/residencecasamaya.it\/de\/wo-wir-sind\/#breadcrumb\"},\"inLanguage\":\"de\",\"potentialAction\":[{\"@type\":\"ReadAction\",\"target\":[\"https:\/\/residencecasamaya.it\/de\/wo-wir-sind\/\"]}]},{\"@type\":\"BreadcrumbList\",\"@id\":\"https:\/\/residencecasamaya.it\/de\/wo-wir-sind\/#breadcrumb\",\"itemListElement\":[{\"@type\":\"ListItem\",\"position\":1,\"name\":\"Home\",\"item\":\"https:\/\/residencecasamaya.it\/de\/\"},{\"@type\":\"ListItem\",\"position\":2,\"name\":\"Wo wir sind\"}]},{\"@type\":\"WebSite\",\"@id\":\"https:\/\/residencecasamaya.it\/#website\",\"url\":\"https:\/\/residencecasamaya.it\/\",\"name\":\"Residence Casa Maya\",\"description\":\"Residence Casa MaYa\",\"potentialAction\":[{\"@type\":\"SearchAction\",\"target\":{\"@type\":\"EntryPoint\",\"urlTemplate\":\"https:\/\/residencecasamaya.it\/?s={search_term_string}\"},\"query-input\":{\"@type\":\"PropertyValueSpecification\",\"valueRequired\":true,\"valueName\":\"search_term_string\"}}],\"inLanguage\":\"de\"}]}<\/script>\n<!-- \/ Yoast SEO plugin. -->","yoast_head_json":{"title":"Wo wir sind - Residence Casa Maya","robots":{"index":"index","follow":"follow","max-snippet":"max-snippet:-1","max-image-preview":"max-image-preview:large","max-video-preview":"max-video-preview:-1"},"canonical":"https:\/\/residencecasamaya.it\/de\/wo-wir-sind\/","og_locale":"de_DE","og_type":"article","og_title":"Wo wir sind - Residence Casa Maya","og_url":"https:\/\/residencecasamaya.it\/de\/wo-wir-sind\/","og_site_name":"Residence Casa Maya","article_modified_time":"2020-02-21T16:20:54+00:00","twitter_card":"summary_large_image","twitter_misc":{"Gesch\u00e4tzte Lesezeit":"3\u00a0Minuten"},"schema":{"@context":"https:\/\/schema.org","@graph":[{"@type":"WebPage","@id":"https:\/\/residencecasamaya.it\/de\/wo-wir-sind\/","url":"https:\/\/residencecasamaya.it\/de\/wo-wir-sind\/","name":"Wo wir sind - Residence Casa Maya","isPartOf":{"@id":"https:\/\/residencecasamaya.it\/#website"},"datePublished":"2020-02-21T16:18:05+00:00","dateModified":"2020-02-21T16:20:54+00:00","breadcrumb":{"@id":"https:\/\/residencecasamaya.it\/de\/wo-wir-sind\/#breadcrumb"},"inLanguage":"de","potentialAction":[{"@type":"ReadAction","target":["https:\/\/residencecasamaya.it\/de\/wo-wir-sind\/"]}]},{"@type":"BreadcrumbList","@id":"https:\/\/residencecasamaya.it\/de\/wo-wir-sind\/#breadcrumb","itemListElement":[{"@type":"ListItem","position":1,"name":"Home","item":"https:\/\/residencecasamaya.it\/de\/"},{"@type":"ListItem","position":2,"name":"Wo wir sind"}]},{"@type":"WebSite","@id":"https:\/\/residencecasamaya.it\/#website","url":"https:\/\/residencecasamaya.it\/","name":"Residence Casa Maya","description":"Residence Casa MaYa","potentialAction":[{"@type":"SearchAction","target":{"@type":"EntryPoint","urlTemplate":"https:\/\/residencecasamaya.it\/?s={search_term_string}"},"query-input":{"@type":"PropertyValueSpecification","valueRequired":true,"valueName":"search_term_string"}}],"inLanguage":"de"}]}},"_links":{"self":[{"href":"https:\/\/residencecasamaya.it\/de\/wp-json\/wp\/v2\/pages\/1187","targetHints":{"allow":["GET"]}}],"collection":[{"href":"https:\/\/residencecasamaya.it\/de\/wp-json\/wp\/v2\/pages"}],"about":[{"href":"https:\/\/residencecasamaya.it\/de\/wp-json\/wp\/v2\/types\/page"}],"author":[{"embeddable":true,"href":"https:\/\/residencecasamaya.it\/de\/wp-json\/wp\/v2\/users\/1"}],"replies":[{"embeddable":true,"href":"https:\/\/residencecasamaya.it\/de\/wp-json\/wp\/v2\/comments?post=1187"}],"version-history":[{"count":3,"href":"https:\/\/residencecasamaya.it\/de\/wp-json\/wp\/v2\/pages\/1187\/revisions"}],"predecessor-version":[{"id":1190,"href":"https:\/\/residencecasamaya.it\/de\/wp-json\/wp\/v2\/pages\/1187\/revisions\/1190"}],"wp:attachment":[{"href":"https:\/\/residencecasamaya.it\/de\/wp-json\/wp\/v2\/media?parent=1187"}],"curies":[{"name":"wp","href":"https:\/\/api.w.org\/{rel}","templated":true}]}}